{"id":50,"date":"2020-01-31T16:51:25","date_gmt":"2020-01-31T16:51:25","guid":{"rendered":"http:\/\/jaroslavpolcer.cz\/?page_id=50"},"modified":"2020-02-07T20:28:11","modified_gmt":"2020-02-07T20:28:11","slug":"uvod","status":"publish","type":"page","link":"https:\/\/jaroslavpolcer.cz\/","title":{"rendered":"\u00davod"},"content":{"rendered":"<p>YToxOntpOjA7YTozOntzOjU6ImNsYXNzIjtzOjA6IiI7czo1OiJzdHlsZSI7YToyNjp7czoxNjoiYmFja2dyb3VuZF9jb2xvciI7YTozOntzOjY6ImNvbG9yMSI7czo3OiIjN2E3YTdhIjtzOjY6ImNvbG9yMiI7czowOiIiO3M6MTI6InRyYW5zcGFyZW5jeSI7czozOiIxMDAiO31zOjE4OiJiYWNrZ3JvdW5kX3NldHRpbmciO3M6NToiaW1hZ2UiO3M6MTY6ImJhY2tncm91bmRfaW1hZ2UiO2E6Nzp7czoxMzoib3ZlcmxheV9jb2xvciI7czo3OiIjMTU4ZWJmIjtzOjIwOiJvdmVybGF5X3RyYW5zcGFyZW5jeSI7czoyOiI4MCI7czo4OiJwb3NpdGlvbiI7czoxMzoiY2VudGVyIGNlbnRlciI7czo2OiJyZXBlYXQiO3M6OToibm8tcmVwZWF0IjtzOjU6ImltYWdlIjtzOjA6IiI7czo3OiJpbWFnZWlkIjtzOjA6IiI7czo3OiJwYXR0ZXJuIjtzOjA6IiI7fXM6MTY6ImJhY2tncm91bmRfZGVsYXkiO3M6NDoiMzAwMCI7czoxNjoiYmFja2dyb3VuZF9zcGVlZCI7czo0OiIxNTAwIjtzOjE3OiJiYWNrZ3JvdW5kX3NsaWRlcyI7YToyOntpOjA7YToxOntzOjU6ImltYWdlIjthOjI6e3M6NToiaW1hZ2UiO3M6MDoiIjtzOjc6ImltYWdlaWQiO3M6MDoiIjt9fWk6MTthOjE6e3M6NToiaW1hZ2UiO2E6Mjp7czo1OiJpbWFnZSI7czowOiIiO3M6NzoiaW1hZ2VpZCI7czowOiIiO319fXM6MjA6ImJhY2tncm91bmRfdmlkZW9fbXA0IjtzOjA6IiI7czoyMToiYmFja2dyb3VuZF92aWRlb193ZWJtIjtzOjA6IiI7czoyMDoiYmFja2dyb3VuZF92aWRlb19vZ2ciO3M6MDoiIjtzOjEzOiJ2aWRlb19zZXR0aW5nIjthOjE6e3M6ODoiaXNfc2F2ZWQiO3M6MToiMSI7fXM6NDoiZm9udCI7YTo0OntzOjk6ImZvbnQtc2l6ZSI7czowOiIiO3M6MTE6ImZvbnQtZmFtaWx5IjtzOjA6IiI7czo2OiJ3ZWlnaHQiO3M6MDoiIjtzOjU6ImNvbG9yIjtzOjA6IiI7fXM6MTA6ImxpbmtfY29sb3IiO3M6MDoiIjtzOjQ6InR5cGUiO3M6NToiYmFzaWMiO3M6MTE6InBhZGRpbmdfdG9wIjtzOjI6IjEwIjtzOjE0OiJwYWRkaW5nX2JvdHRvbSI7czoxOiIwIjtzOjEyOiJwYWRkaW5nX2xlZnQiO2E6Mjp7czo0OiJzaXplIjtzOjA6IiI7czo0OiJ1bml0IjtzOjI6InB4Ijt9czoxMzoicGFkZGluZ19yaWdodCI7YToyOntzOjQ6InNpemUiO3M6MDoiIjtzOjQ6InVuaXQiO3M6MjoicHgiO31zOjg6Im1hcmdpbl90IjthOjE6e3M6NDoic2l6ZSI7czozOiI5MDAiO31zOjg6Im1hcmdpbl9iIjthOjE6e3M6NDoic2l6ZSI7czowOiIiO31zOjEwOiJib3JkZXItdG9wIjthOjM6e3M6NDoic2l6ZSI7czoxOiI1IjtzOjU6InN0eWxlIjtzOjU6InNvbGlkIjtzOjU6ImNvbG9yIjtzOjA6IiI7fXM6MTM6ImJvcmRlci1ib3R0b20iO2E6Mzp7czo0OiJzaXplIjtzOjE6IjUiO3M6NToic3R5bGUiO3M6NToic29saWQiO3M6NToiY29sb3IiO3M6MDoiIjt9czoxNDoiaGVpZ2h0X3NldHRpbmciO2E6MTp7czoxMToiYXJyb3dfY29sb3IiO3M6NDoiI2ZmZiI7fXM6MTA6Im1pbi1oZWlnaHQiO3M6MDoiIjtzOjk6ImNzc19jbGFzcyI7czowOiIiO3M6MTA6InJvd19hbmNob3IiO3M6MDoiIjtzOjU6ImRlbGF5IjtzOjA6IiI7fXM6NzoiY29udGVudCI7YTo0OntpOjA7YTozOntzOjQ6InR5cGUiO3M6ODoiY29sLWZvdXIiO3M6NToiY2xhc3MiO3M6MDoiIjtzOjc6ImNvbnRlbnQiO2E6MTp7aTowO2E6Mzp7czo0OiJ0eXBlIjtzOjQ6ImxpbmsiO3M6NzoiY29udGVudCI7czoxNjoiUmFka2EgUG9sY2Vyb3bDoSI7czo1OiJzdHlsZSI7YTo1OntzOjQ6InNob3ciO3M6MzoidXJsIjtzOjQ6ImxpbmsiO2E6NDp7czo0OiJwYWdlIjtzOjA6IiI7czo0OiJsaW5rIjtzOjI0OiJodHRwOi8vcmFka2Fwb2xjZXJvdmEuY3oiO3M6NzoidXNlX3VybCI7czoxOiIxIjtzOjY6InRhcmdldCI7czoxOiIxIjt9czo1OiJwb3B1cCI7czowOiIiO3M6NToiYWxpZ24iO3M6NjoiY2VudGVyIjtzOjQ6ImZvbnQiO2E6NTp7czo5OiJmb250LXNpemUiO3M6MDoiIjtzOjExOiJmb250LWZhbWlseSI7czowOiIiO3M6Njoid2VpZ2h0IjtzOjA6IiI7czoxMToibGluZS1oZWlnaHQiO3M6MDoiIjtzOjU6ImNvbG9yIjtzOjA6IiI7fX19fX1pOjE7YTozOntzOjQ6InR5cGUiO3M6ODoiY29sLWZvdXIiO3M6NToiY2xhc3MiO3M6MDoiIjtzOjc6ImNvbnRlbnQiO2E6MTp7aTowO2E6Mzp7czo0OiJ0eXBlIjtzOjQ6ImxpbmsiO3M6NzoiY29udGVudCI7czoxMjoiUmFkYSBhIHBvbW9jIjtzOjU6InN0eWxlIjthOjU6e3M6NDoic2hvdyI7czozOiJ1cmwiO3M6NDoibGluayI7YTo0OntzOjQ6InBhZ2UiO3M6MDoiIjtzOjQ6ImxpbmsiO3M6MjA6Imh0dHA6Ly9yYWRhYXBvbW9jLmN6IjtzOjc6InVzZV91cmwiO3M6MToiMSI7czo2OiJ0YXJnZXQiO3M6MToiMSI7fXM6NToicG9wdXAiO3M6MjoiNTgiO3M6NToiYWxpZ24iO3M6NjoiY2VudGVyIjtzOjQ6ImZvbnQiO2E6NTp7czo5OiJmb250LXNpemUiO3M6MDoiIjtzOjExOiJmb250LWZhbWlseSI7czowOiIiO3M6Njoid2VpZ2h0IjtzOjA6IiI7czoxMToibGluZS1oZWlnaHQiO3M6MDoiIjtzOjU6ImNvbG9yIjtzOjA6IiI7fX19fX1pOjI7YTozOntzOjQ6InR5cGUiO3M6ODoiY29sLWZvdXIiO3M6NToiY2xhc3MiO3M6MDoiIjtzOjc6ImNvbnRlbnQiO2E6MTp7aTowO2E6Mzp7czo0OiJ0eXBlIjtzOjQ6ImxpbmsiO3M6NzoiY29udGVudCI7czoxOToiQ3ZpxI3DrW1lIFRhaiAtIMSNaSI7czo1OiJzdHlsZSI7YTo1OntzOjQ6InNob3ciO3M6MzoidXJsIjtzOjQ6ImxpbmsiO2E6NDp7czo0OiJwYWdlIjtzOjA6IiI7czo0OiJsaW5rIjtzOjIxOiJodHRwOi8vdGFpY2lrbGFkbm8uY3oiO3M6NzoidXNlX3VybCI7czoxOiIxIjtzOjY6InRhcmdldCI7czoxOiIxIjt9czo1OiJwb3B1cCI7czoyOiI1OCI7czo1OiJhbGlnbiI7czo2OiJjZW50ZXIiO3M6NDoiZm9udCI7YTo1OntzOjk6ImZvbnQtc2l6ZSI7czowOiIiO3M6MTE6ImZvbnQtZmFtaWx5IjtzOjA6IiI7czo2OiJ3ZWlnaHQiO3M6MDoiIjtzOjExOiJsaW5lLWhlaWdodCI7czowOiIiO3M6NToiY29sb3IiO3M6MDoiIjt9fX19fWk6MzthOjM6e3M6NDoidHlwZSI7czo4OiJjb2wtZm91ciI7czo1OiJjbGFzcyI7czowOiIiO3M6NzoiY29udGVudCI7YToxOntpOjA7YTozOntzOjQ6InR5cGUiO3M6NDoibGluayI7czo3OiJjb250ZW50IjtzOjI1OiJDb2xvcmFkbyAtIHRhbmXEjW7DrSBrbHViIjtzOjU6InN0eWxlIjthOjU6e3M6NDoic2hvdyI7czozOiJ1cmwiO3M6NDoibGluayI7YTo0OntzOjQ6InBhZ2UiO3M6MDoiIjtzOjQ6ImxpbmsiO3M6MjI6Imh0dHA6Ly9zcXVhcmVrbGFkbm8uY3oiO3M6NzoidXNlX3VybCI7czoxOiIxIjtzOjY6InRhcmdldCI7czoxOiIxIjt9czo1OiJwb3B1cCI7czoyOiI1OCI7czo1OiJhbGlnbiI7czo2OiJjZW50ZXIiO3M6NDoiZm9udCI7YTo1OntzOjk6ImZvbnQtc2l6ZSI7czowOiIiO3M6MTE6ImZvbnQtZmFtaWx5IjtzOjA6IiI7czo2OiJ3ZWlnaHQiO3M6MDoiIjtzOjExOiJsaW5lLWhlaWdodCI7czowOiIiO3M6NToiY29sb3IiO3M6MDoiIjt9fX19fX19fQ==<\/p>\n","protected":false},"excerpt":{"rendered":"<p>YToxOntpOjA7YTozOntzOjU6ImNsYXNzIjtzOjA6IiI7czo1OiJzdHlsZSI7YToyNjp7czoxNjoiYmFja2dyb3VuZF9jb2xvciI7YTozOntzOjY6ImNvbG9yMSI7czo3OiIjN2E3YTdhIjtzOjY6ImNvbG9yMiI7czowOiIiO3M6MTI6InRyYW5zcGFyZW5jeSI7czozOiIxMDAiO31zOjE4OiJiYWNrZ3JvdW5kX3NldHRpbmciO3M6NToiaW1hZ2UiO3M6MTY6ImJhY2tncm91bmRfaW1hZ2UiO2E6Nzp7czoxMzoib3ZlcmxheV9jb2xvciI7czo3OiIjMTU4ZWJmIjtzOjIwOiJvdmVybGF5X3RyYW5zcGFyZW5jeSI7czoyOiI4MCI7czo4OiJwb3NpdGlvbiI7czoxMzoiY2VudGVyIGNlbnRlciI7czo2OiJyZXBlYXQiO3M6OToibm8tcmVwZWF0IjtzOjU6ImltYWdlIjtzOjA6IiI7czo3OiJpbWFnZWlkIjtzOjA6IiI7czo3OiJwYXR0ZXJuIjtzOjA6IiI7fXM6MTY6ImJhY2tncm91bmRfZGVsYXkiO3M6NDoiMzAwMCI7czoxNjoiYmFja2dyb3VuZF9zcGVlZCI7czo0OiIxNTAwIjtzOjE3OiJiYWNrZ3JvdW5kX3NsaWRlcyI7YToyOntpOjA7YToxOntzOjU6ImltYWdlIjthOjI6e3M6NToiaW1hZ2UiO3M6MDoiIjtzOjc6ImltYWdlaWQiO3M6MDoiIjt9fWk6MTthOjE6e3M6NToiaW1hZ2UiO2E6Mjp7czo1OiJpbWFnZSI7czowOiIiO3M6NzoiaW1hZ2VpZCI7czowOiIiO319fXM6MjA6ImJhY2tncm91bmRfdmlkZW9fbXA0IjtzOjA6IiI7czoyMToiYmFja2dyb3VuZF92aWRlb193ZWJtIjtzOjA6IiI7czoyMDoiYmFja2dyb3VuZF92aWRlb19vZ2ciO3M6MDoiIjtzOjEzOiJ2aWRlb19zZXR0aW5nIjthOjE6e3M6ODoiaXNfc2F2ZWQiO3M6MToiMSI7fXM6NDoiZm9udCI7YTo0OntzOjk6ImZvbnQtc2l6ZSI7czowOiIiO3M6MTE6ImZvbnQtZmFtaWx5IjtzOjA6IiI7czo2OiJ3ZWlnaHQiO3M6MDoiIjtzOjU6ImNvbG9yIjtzOjA6IiI7fXM6MTA6ImxpbmtfY29sb3IiO3M6MDoiIjtzOjQ6InR5cGUiO3M6NToiYmFzaWMiO3M6MTE6InBhZGRpbmdfdG9wIjtzOjI6IjEwIjtzOjE0OiJwYWRkaW5nX2JvdHRvbSI7czoxOiIwIjtzOjEyOiJwYWRkaW5nX2xlZnQiO2E6Mjp7czo0OiJzaXplIjtzOjA6IiI7czo0OiJ1bml0IjtzOjI6InB4Ijt9czoxMzoicGFkZGluZ19yaWdodCI7YToyOntzOjQ6InNpemUiO3M6MDoiIjtzOjQ6InVuaXQiO3M6MjoicHgiO31zOjg6Im1hcmdpbl90IjthOjE6e3M6NDoic2l6ZSI7czozOiI5MDAiO31zOjg6Im1hcmdpbl9iIjthOjE6e3M6NDoic2l6ZSI7czowOiIiO31zOjEwOiJib3JkZXItdG9wIjthOjM6e3M6NDoic2l6ZSI7czoxOiI1IjtzOjU6InN0eWxlIjtzOjU6InNvbGlkIjtzOjU6ImNvbG9yIjtzOjA6IiI7fXM6MTM6ImJvcmRlci1ib3R0b20iO2E6Mzp7czo0OiJzaXplIjtzOjE6IjUiO3M6NToic3R5bGUiO3M6NToic29saWQiO3M6NToiY29sb3IiO3M6MDoiIjt9czoxNDoiaGVpZ2h0X3NldHRpbmciO2E6MTp7czoxMToiYXJyb3dfY29sb3IiO3M6NDoiI2ZmZiI7fXM6MTA6Im1pbi1oZWlnaHQiO3M6MDoiIjtzOjk6ImNzc19jbGFzcyI7czowOiIiO3M6MTA6InJvd19hbmNob3IiO3M6MDoiIjtzOjU6ImRlbGF5IjtzOjA6IiI7fXM6NzoiY29udGVudCI7YTo0OntpOjA7YTozOntzOjQ6InR5cGUiO3M6ODoiY29sLWZvdXIiO3M6NToiY2xhc3MiO3M6MDoiIjtzOjc6ImNvbnRlbnQiO2E6MTp7aTowO2E6Mzp7czo0OiJ0eXBlIjtzOjQ6ImxpbmsiO3M6NzoiY29udGVudCI7czoxNjoiUmFka2EgUG9sY2Vyb3bDoSI7czo1OiJzdHlsZSI7YTo1OntzOjQ6InNob3ciO3M6MzoidXJsIjtzOjQ6ImxpbmsiO2E6NDp7czo0OiJwYWdlIjtzOjA6IiI7czo0OiJsaW5rIjtzOjI0OiJodHRwOi8vcmFka2Fwb2xjZXJvdmEuY3oiO3M6NzoidXNlX3VybCI7czoxOiIxIjtzOjY6InRhcmdldCI7czoxOiIxIjt9czo1OiJwb3B1cCI7czowOiIiO3M6NToiYWxpZ24iO3M6NjoiY2VudGVyIjtzOjQ6ImZvbnQiO2E6NTp7czo5OiJmb250LXNpemUiO3M6MDoiIjtzOjExOiJmb250LWZhbWlseSI7czowOiIiO3M6Njoid2VpZ2h0IjtzOjA6IiI7czoxMToibGluZS1oZWlnaHQiO3M6MDoiIjtzOjU6ImNvbG9yIjtzOjA6IiI7fX19fX1pOjE7YTozOntzOjQ6InR5cGUiO3M6ODoiY29sLWZvdXIiO3M6NToiY2xhc3MiO3M6MDoiIjtzOjc6ImNvbnRlbnQiO2E6MTp7aTowO2E6Mzp7czo0OiJ0eXBlIjtzOjQ6ImxpbmsiO3M6NzoiY29udGVudCI7czoxMjoiUmFkYSBhIHBvbW9jIjtzOjU6InN0eWxlIjthOjU6e3M6NDoic2hvdyI7czozOiJ1cmwiO3M6NDoibGluayI7YTo0OntzOjQ6InBhZ2UiO3M6MDoiIjtzOjQ6ImxpbmsiO3M6MjA6Imh0dHA6Ly9yYWRhYXBvbW9jLmN6IjtzOjc6InVzZV91cmwiO3M6MToiMSI7czo2OiJ0YXJnZXQiO3M6MToiMSI7fXM6NToicG9wdXAiO3M6MjoiNTgiO3M6NToiYWxpZ24iO3M6NjoiY2VudGVyIjtzOjQ6ImZvbnQiO2E6NTp7czo5OiJmb250LXNpemUiO3M6MDoiIjtzOjExOiJmb250LWZhbWlseSI7czowOiIiO3M6Njoid2VpZ2h0IjtzOjA6IiI7czoxMToibGluZS1oZWlnaHQiO3M6MDoiIjtzOjU6ImNvbG9yIjtzOjA6IiI7fX19fX1pOjI7YTozOntzOjQ6InR5cGUiO3M6ODoiY29sLWZvdXIiO3M6NToiY2xhc3MiO3M6MDoiIjtzOjc6ImNvbnRlbnQiO2E6MTp7aTowO2E6Mzp7czo0OiJ0eXBlIjtzOjQ6ImxpbmsiO3M6NzoiY29udGVudCI7czoxOToiQ3ZpxI3DrW1lIFRhaiAtIMSNaSI7czo1OiJzdHlsZSI7YTo1OntzOjQ6InNob3ciO3M6MzoidXJsIjtzOjQ6ImxpbmsiO2E6NDp7czo0OiJwYWdlIjtzOjA6IiI7czo0OiJsaW5rIjtzOjIxOiJodHRwOi8vdGFpY2lrbGFkbm8uY3oiO3M6NzoidXNlX3VybCI7czoxOiIxIjtzOjY6InRhcmdldCI7czoxOiIxIjt9czo1OiJwb3B1cCI7czoyOiI1OCI7czo1OiJhbGlnbiI7czo2OiJjZW50ZXIiO3M6NDoiZm9udCI7YTo1OntzOjk6ImZvbnQtc2l6ZSI7czowOiIiO3M6MTE6ImZvbnQtZmFtaWx5IjtzOjA6IiI7czo2OiJ3ZWlnaHQiO3M6MDoiIjtzOjExOiJsaW5lLWhlaWdodCI7czowOiIiO3M6NToiY29sb3IiO3M6MDoiIjt9fX19fWk6MzthOjM6e3M6NDoidHlwZSI7czo4OiJjb2wtZm91ciI7czo1OiJjbGFzcyI7czowOiIiO3M6NzoiY29udGVudCI7YToxOntpOjA7YTozOntzOjQ6InR5cGUiO3M6NDoibGluayI7czo3OiJjb250ZW50IjtzOjI1OiJDb2xvcmFkbyAtIHRhbmXEjW7DrSBrbHViIjtzOjU6InN0eWxlIjthOjU6e3M6NDoic2hvdyI7czozOiJ1cmwiO3M6NDoibGluayI7YTo0OntzOjQ6InBhZ2UiO3M6MDoiIjtzOjQ6ImxpbmsiO3M6MjI6Imh0dHA6Ly9zcXVhcmVrbGFkbm8uY3oiO3M6NzoidXNlX3VybCI7czoxOiIxIjtzOjY6InRhcmdldCI7czoxOiIxIjt9czo1OiJwb3B1cCI7czoyOiI1OCI7czo1OiJhbGlnbiI7czo2OiJjZW50ZXIiO3M6NDoiZm9udCI7YTo1OntzOjk6ImZvbnQtc2l6ZSI7czowOiIiO3M6MTE6ImZvbnQtZmFtaWx5IjtzOjA6IiI7czo2OiJ3ZWlnaHQiO3M6MDoiIjtzOjExOiJsaW5lLWhlaWdodCI7czowOiIiO3M6NToiY29sb3IiO3M6MDoiIjt9fX19fX19fQ==<\/p>\n","protected":false},"author":1,"featured_media":0,"parent":0,"menu_order":0,"comment_status":"closed","ping_status":"closed","template":"","meta":{"_bbp_topic_count":0,"_bbp_reply_count":0,"_bbp_total_topic_count":0,"_bbp_total_reply_count":0,"_bbp_voice_count":0,"_bbp_anonymous_reply_count":0,"_bbp_topic_count_hidden":0,"_bbp_reply_count_hidden":0,"_bbp_forum_subforum_count":0},"yoast_head":"<!-- This site is optimized with the Yoast SEO plugin v20.10 - https:\/\/yoast.com\/wordpress\/plugins\/seo\/ -->\n<title>\u00davod - jaroslavpolcer<\/title>\n<meta name=\"robots\" content=\"index, follow, max-snippet:-1, max-image-preview:large, max-video-preview:-1\" \/>\n<link rel=\"canonical\" href=\"https:\/\/jaroslavpolcer.cz\/\" \/>\n<meta property=\"og:locale\" content=\"cs_CZ\" \/>\n<meta property=\"og:type\" content=\"article\" \/>\n<meta property=\"og:title\" content=\"\u00davod - jaroslavpolcer\" \/>\n<meta property=\"og:description\" content=\"YToxOntpOjA7YTozOntzOjU6ImNsYXNzIjtzOjA6IiI7czo1OiJzdHlsZSI7YToyNjp7czoxNjoiYmFja2dyb3VuZF9jb2xvciI7YTozOntzOjY6ImNvbG9yMSI7czo3OiIjN2E3YTdhIjtzOjY6ImNvbG9yMiI7czowOiIiO3M6MTI6InRyYW5zcGFyZW5jeSI7czozOiIxMDAiO31zOjE4OiJiYWNrZ3JvdW5kX3NldHRpbmciO3M6NToiaW1hZ2UiO3M6MTY6ImJhY2tncm91bmRfaW1hZ2UiO2E6Nzp7czoxMzoib3ZlcmxheV9jb2xvciI7czo3OiIjMTU4ZWJmIjtzOjIwOiJvdmVybGF5X3RyYW5zcGFyZW5jeSI7czoyOiI4MCI7czo4OiJwb3NpdGlvbiI7czoxMzoiY2VudGVyIGNlbnRlciI7czo2OiJyZXBlYXQiO3M6OToibm8tcmVwZWF0IjtzOjU6ImltYWdlIjtzOjA6IiI7czo3OiJpbWFnZWlkIjtzOjA6IiI7czo3OiJwYXR0ZXJuIjtzOjA6IiI7fXM6MTY6ImJhY2tncm91bmRfZGVsYXkiO3M6NDoiMzAwMCI7czoxNjoiYmFja2dyb3VuZF9zcGVlZCI7czo0OiIxNTAwIjtzOjE3OiJiYWNrZ3JvdW5kX3NsaWRlcyI7YToyOntpOjA7YToxOntzOjU6ImltYWdlIjthOjI6e3M6NToiaW1hZ2UiO3M6MDoiIjtzOjc6ImltYWdlaWQiO3M6MDoiIjt9fWk6MTthOjE6e3M6NToiaW1hZ2UiO2E6Mjp7czo1OiJpbWFnZSI7czowOiIiO3M6NzoiaW1hZ2VpZCI7czowOiIiO319fXM6MjA6ImJhY2tncm91bmRfdmlkZW9fbXA0IjtzOjA6IiI7czoyMToiYmFja2dyb3VuZF92aWRlb193ZWJtIjtzOjA6IiI7czoyMDoiYmFja2dyb3VuZF92aWRlb19vZ2ciO3M6MDoiIjtzOjEzOiJ2aWRlb19zZXR0aW5nIjthOjE6e3M6ODoiaXNfc2F2ZWQiO3M6MToiMSI7fXM6NDoiZm9udCI7YTo0OntzOjk6ImZvbnQtc2l6ZSI7czowOiIiO3M6MTE6ImZvbnQtZmFtaWx5IjtzOjA6IiI7czo2OiJ3ZWlnaHQiO3M6MDoiIjtzOjU6ImNvbG9yIjtzOjA6IiI7fXM6MTA6ImxpbmtfY29sb3IiO3M6MDoiIjtzOjQ6InR5cGUiO3M6NToiYmFzaWMiO3M6MTE6InBhZGRpbmdfdG9wIjtzOjI6IjEwIjtzOjE0OiJwYWRkaW5nX2JvdHRvbSI7czoxOiIwIjtzOjEyOiJwYWRkaW5nX2xlZnQiO2E6Mjp7czo0OiJzaXplIjtzOjA6IiI7czo0OiJ1bml0IjtzOjI6InB4Ijt9czoxMzoicGFkZGluZ19yaWdodCI7YToyOntzOjQ6InNpemUiO3M6MDoiIjtzOjQ6InVuaXQiO3M6MjoicHgiO31zOjg6Im1hcmdpbl90IjthOjE6e3M6NDoic2l6ZSI7czozOiI5MDAiO31zOjg6Im1hcmdpbl9iIjthOjE6e3M6NDoic2l6ZSI7czowOiIiO31zOjEwOiJib3JkZXItdG9wIjthOjM6e3M6NDoic2l6ZSI7czoxOiI1IjtzOjU6InN0eWxlIjtzOjU6InNvbGlkIjtzOjU6ImNvbG9yIjtzOjA6IiI7fXM6MTM6ImJvcmRlci1ib3R0b20iO2E6Mzp7czo0OiJzaXplIjtzOjE6IjUiO3M6NToic3R5bGUiO3M6NToic29saWQiO3M6NToiY29sb3IiO3M6MDoiIjt9czoxNDoiaGVpZ2h0X3NldHRpbmciO2E6MTp7czoxMToiYXJyb3dfY29sb3IiO3M6NDoiI2ZmZiI7fXM6MTA6Im1pbi1oZWlnaHQiO3M6MDoiIjtzOjk6ImNzc19jbGFzcyI7czowOiIiO3M6MTA6InJvd19hbmNob3IiO3M6MDoiIjtzOjU6ImRlbGF5IjtzOjA6IiI7fXM6NzoiY29udGVudCI7YTo0OntpOjA7YTozOntzOjQ6InR5cGUiO3M6ODoiY29sLWZvdXIiO3M6NToiY2xhc3MiO3M6MDoiIjtzOjc6ImNvbnRlbnQiO2E6MTp7aTowO2E6Mzp7czo0OiJ0eXBlIjtzOjQ6ImxpbmsiO3M6NzoiY29udGVudCI7czoxNjoiUmFka2EgUG9sY2Vyb3bDoSI7czo1OiJzdHlsZSI7YTo1OntzOjQ6InNob3ciO3M6MzoidXJsIjtzOjQ6ImxpbmsiO2E6NDp7czo0OiJwYWdlIjtzOjA6IiI7czo0OiJsaW5rIjtzOjI0OiJodHRwOi8vcmFka2Fwb2xjZXJvdmEuY3oiO3M6NzoidXNlX3VybCI7czoxOiIxIjtzOjY6InRhcmdldCI7czoxOiIxIjt9czo1OiJwb3B1cCI7czowOiIiO3M6NToiYWxpZ24iO3M6NjoiY2VudGVyIjtzOjQ6ImZvbnQiO2E6NTp7czo5OiJmb250LXNpemUiO3M6MDoiIjtzOjExOiJmb250LWZhbWlseSI7czowOiIiO3M6Njoid2VpZ2h0IjtzOjA6IiI7czoxMToibGluZS1oZWlnaHQiO3M6MDoiIjtzOjU6ImNvbG9yIjtzOjA6IiI7fX19fX1pOjE7YTozOntzOjQ6InR5cGUiO3M6ODoiY29sLWZvdXIiO3M6NToiY2xhc3MiO3M6MDoiIjtzOjc6ImNvbnRlbnQiO2E6MTp7aTowO2E6Mzp7czo0OiJ0eXBlIjtzOjQ6ImxpbmsiO3M6NzoiY29udGVudCI7czoxMjoiUmFkYSBhIHBvbW9jIjtzOjU6InN0eWxlIjthOjU6e3M6NDoic2hvdyI7czozOiJ1cmwiO3M6NDoibGluayI7YTo0OntzOjQ6InBhZ2UiO3M6MDoiIjtzOjQ6ImxpbmsiO3M6MjA6Imh0dHA6Ly9yYWRhYXBvbW9jLmN6IjtzOjc6InVzZV91cmwiO3M6MToiMSI7czo2OiJ0YXJnZXQiO3M6MToiMSI7fXM6NToicG9wdXAiO3M6MjoiNTgiO3M6NToiYWxpZ24iO3M6NjoiY2VudGVyIjtzOjQ6ImZvbnQiO2E6NTp7czo5OiJmb250LXNpemUiO3M6MDoiIjtzOjExOiJmb250LWZhbWlseSI7czowOiIiO3M6Njoid2VpZ2h0IjtzOjA6IiI7czoxMToibGluZS1oZWlnaHQiO3M6MDoiIjtzOjU6ImNvbG9yIjtzOjA6IiI7fX19fX1pOjI7YTozOntzOjQ6InR5cGUiO3M6ODoiY29sLWZvdXIiO3M6NToiY2xhc3MiO3M6MDoiIjtzOjc6ImNvbnRlbnQiO2E6MTp7aTowO2E6Mzp7czo0OiJ0eXBlIjtzOjQ6ImxpbmsiO3M6NzoiY29udGVudCI7czoxOToiQ3ZpxI3DrW1lIFRhaiAtIMSNaSI7czo1OiJzdHlsZSI7YTo1OntzOjQ6InNob3ciO3M6MzoidXJsIjtzOjQ6ImxpbmsiO2E6NDp7czo0OiJwYWdlIjtzOjA6IiI7czo0OiJsaW5rIjtzOjIxOiJodHRwOi8vdGFpY2lrbGFkbm8uY3oiO3M6NzoidXNlX3VybCI7czoxOiIxIjtzOjY6InRhcmdldCI7czoxOiIxIjt9czo1OiJwb3B1cCI7czoyOiI1OCI7czo1OiJhbGlnbiI7czo2OiJjZW50ZXIiO3M6NDoiZm9udCI7YTo1OntzOjk6ImZvbnQtc2l6ZSI7czowOiIiO3M6MTE6ImZvbnQtZmFtaWx5IjtzOjA6IiI7czo2OiJ3ZWlnaHQiO3M6MDoiIjtzOjExOiJsaW5lLWhlaWdodCI7czowOiIiO3M6NToiY29sb3IiO3M6MDoiIjt9fX19fWk6MzthOjM6e3M6NDoidHlwZSI7czo4OiJjb2wtZm91ciI7czo1OiJjbGFzcyI7czowOiIiO3M6NzoiY29udGVudCI7YToxOntpOjA7YTozOntzOjQ6InR5cGUiO3M6NDoibGluayI7czo3OiJjb250ZW50IjtzOjI1OiJDb2xvcmFkbyAtIHRhbmXEjW7DrSBrbHViIjtzOjU6InN0eWxlIjthOjU6e3M6NDoic2hvdyI7czozOiJ1cmwiO3M6NDoibGluayI7YTo0OntzOjQ6InBhZ2UiO3M6MDoiIjtzOjQ6ImxpbmsiO3M6MjI6Imh0dHA6Ly9zcXVhcmVrbGFkbm8uY3oiO3M6NzoidXNlX3VybCI7czoxOiIxIjtzOjY6InRhcmdldCI7czoxOiIxIjt9czo1OiJwb3B1cCI7czoyOiI1OCI7czo1OiJhbGlnbiI7czo2OiJjZW50ZXIiO3M6NDoiZm9udCI7YTo1OntzOjk6ImZvbnQtc2l6ZSI7czowOiIiO3M6MTE6ImZvbnQtZmFtaWx5IjtzOjA6IiI7czo2OiJ3ZWlnaHQiO3M6MDoiIjtzOjExOiJsaW5lLWhlaWdodCI7czowOiIiO3M6NToiY29sb3IiO3M6MDoiIjt9fX19fX19fQ==\" \/>\n<meta property=\"og:url\" content=\"https:\/\/jaroslavpolcer.cz\/\" \/>\n<meta property=\"og:site_name\" content=\"jaroslavpolcer\" \/>\n<meta property=\"article:modified_time\" content=\"2020-02-07T20:28:11+00:00\" \/>\n<meta name=\"twitter:card\" content=\"summary_large_image\" \/>\n<meta name=\"twitter:label1\" content=\"Odhadovan\u00e1 doba \u010dten\u00ed\" \/>\n\t<meta name=\"twitter:data1\" content=\"4 minuty\" \/>\n<script type=\"application\/ld+json\" class=\"yoast-schema-graph\">{\"@context\":\"https:\/\/schema.org\",\"@graph\":[{\"@type\":\"WebPage\",\"@id\":\"https:\/\/jaroslavpolcer.cz\/\",\"url\":\"https:\/\/jaroslavpolcer.cz\/\",\"name\":\"\u00davod - jaroslavpolcer\",\"isPartOf\":{\"@id\":\"https:\/\/jaroslavpolcer.cz\/#website\"},\"datePublished\":\"2020-01-31T16:51:25+00:00\",\"dateModified\":\"2020-02-07T20:28:11+00:00\",\"breadcrumb\":{\"@id\":\"https:\/\/jaroslavpolcer.cz\/#breadcrumb\"},\"inLanguage\":\"cs\",\"potentialAction\":[{\"@type\":\"ReadAction\",\"target\":[\"https:\/\/jaroslavpolcer.cz\/\"]}]},{\"@type\":\"BreadcrumbList\",\"@id\":\"https:\/\/jaroslavpolcer.cz\/#breadcrumb\",\"itemListElement\":[{\"@type\":\"ListItem\",\"position\":1,\"name\":\"Dom\u016f\",\"item\":\"https:\/\/jaroslavpolcer.cz\/\"},{\"@type\":\"ListItem\",\"position\":2,\"name\":\"\u00davod\"}]},{\"@type\":\"WebSite\",\"@id\":\"https:\/\/jaroslavpolcer.cz\/#website\",\"url\":\"https:\/\/jaroslavpolcer.cz\/\",\"name\":\"jaroslavpolcer\",\"description\":\"\",\"potentialAction\":[{\"@type\":\"SearchAction\",\"target\":{\"@type\":\"EntryPoint\",\"urlTemplate\":\"https:\/\/jaroslavpolcer.cz\/?s={search_term_string}\"},\"query-input\":\"required name=search_term_string\"}],\"inLanguage\":\"cs\"}]}<\/script>\n<!-- \/ Yoast SEO plugin. -->","yoast_head_json":{"title":"\u00davod - jaroslavpolcer","robots":{"index":"index","follow":"follow","max-snippet":"max-snippet:-1","max-image-preview":"max-image-preview:large","max-video-preview":"max-video-preview:-1"},"canonical":"https:\/\/jaroslavpolcer.cz\/","og_locale":"cs_CZ","og_type":"article","og_title":"\u00davod - jaroslavpolcer","og_description":"YToxOntpOjA7YTozOntzOjU6ImNsYXNzIjtzOjA6IiI7czo1OiJzdHlsZSI7YToyNjp7czoxNjoiYmFja2dyb3VuZF9jb2xvciI7YTozOntzOjY6ImNvbG9yMSI7czo3OiIjN2E3YTdhIjtzOjY6ImNvbG9yMiI7czowOiIiO3M6MTI6InRyYW5zcGFyZW5jeSI7czozOiIxMDAiO31zOjE4OiJiYWNrZ3JvdW5kX3NldHRpbmciO3M6NToiaW1hZ2UiO3M6MTY6ImJhY2tncm91bmRfaW1hZ2UiO2E6Nzp7czoxMzoib3ZlcmxheV9jb2xvciI7czo3OiIjMTU4ZWJmIjtzOjIwOiJvdmVybGF5X3RyYW5zcGFyZW5jeSI7czoyOiI4MCI7czo4OiJwb3NpdGlvbiI7czoxMzoiY2VudGVyIGNlbnRlciI7czo2OiJyZXBlYXQiO3M6OToibm8tcmVwZWF0IjtzOjU6ImltYWdlIjtzOjA6IiI7czo3OiJpbWFnZWlkIjtzOjA6IiI7czo3OiJwYXR0ZXJuIjtzOjA6IiI7fXM6MTY6ImJhY2tncm91bmRfZGVsYXkiO3M6NDoiMzAwMCI7czoxNjoiYmFja2dyb3VuZF9zcGVlZCI7czo0OiIxNTAwIjtzOjE3OiJiYWNrZ3JvdW5kX3NsaWRlcyI7YToyOntpOjA7YToxOntzOjU6ImltYWdlIjthOjI6e3M6NToiaW1hZ2UiO3M6MDoiIjtzOjc6ImltYWdlaWQiO3M6MDoiIjt9fWk6MTthOjE6e3M6NToiaW1hZ2UiO2E6Mjp7czo1OiJpbWFnZSI7czowOiIiO3M6NzoiaW1hZ2VpZCI7czowOiIiO319fXM6MjA6ImJhY2tncm91bmRfdmlkZW9fbXA0IjtzOjA6IiI7czoyMToiYmFja2dyb3VuZF92aWRlb193ZWJtIjtzOjA6IiI7czoyMDoiYmFja2dyb3VuZF92aWRlb19vZ2ciO3M6MDoiIjtzOjEzOiJ2aWRlb19zZXR0aW5nIjthOjE6e3M6ODoiaXNfc2F2ZWQiO3M6MToiMSI7fXM6NDoiZm9udCI7YTo0OntzOjk6ImZvbnQtc2l6ZSI7czowOiIiO3M6MTE6ImZvbnQtZmFtaWx5IjtzOjA6IiI7czo2OiJ3ZWlnaHQiO3M6MDoiIjtzOjU6ImNvbG9yIjtzOjA6IiI7fXM6MTA6ImxpbmtfY29sb3IiO3M6MDoiIjtzOjQ6InR5cGUiO3M6NToiYmFzaWMiO3M6MTE6InBhZGRpbmdfdG9wIjtzOjI6IjEwIjtzOjE0OiJwYWRkaW5nX2JvdHRvbSI7czoxOiIwIjtzOjEyOiJwYWRkaW5nX2xlZnQiO2E6Mjp7czo0OiJzaXplIjtzOjA6IiI7czo0OiJ1bml0IjtzOjI6InB4Ijt9czoxMzoicGFkZGluZ19yaWdodCI7YToyOntzOjQ6InNpemUiO3M6MDoiIjtzOjQ6InVuaXQiO3M6MjoicHgiO31zOjg6Im1hcmdpbl90IjthOjE6e3M6NDoic2l6ZSI7czozOiI5MDAiO31zOjg6Im1hcmdpbl9iIjthOjE6e3M6NDoic2l6ZSI7czowOiIiO31zOjEwOiJib3JkZXItdG9wIjthOjM6e3M6NDoic2l6ZSI7czoxOiI1IjtzOjU6InN0eWxlIjtzOjU6InNvbGlkIjtzOjU6ImNvbG9yIjtzOjA6IiI7fXM6MTM6ImJvcmRlci1ib3R0b20iO2E6Mzp7czo0OiJzaXplIjtzOjE6IjUiO3M6NToic3R5bGUiO3M6NToic29saWQiO3M6NToiY29sb3IiO3M6MDoiIjt9czoxNDoiaGVpZ2h0X3NldHRpbmciO2E6MTp7czoxMToiYXJyb3dfY29sb3IiO3M6NDoiI2ZmZiI7fXM6MTA6Im1pbi1oZWlnaHQiO3M6MDoiIjtzOjk6ImNzc19jbGFzcyI7czowOiIiO3M6MTA6InJvd19hbmNob3IiO3M6MDoiIjtzOjU6ImRlbGF5IjtzOjA6IiI7fXM6NzoiY29udGVudCI7YTo0OntpOjA7YTozOntzOjQ6InR5cGUiO3M6ODoiY29sLWZvdXIiO3M6NToiY2xhc3MiO3M6MDoiIjtzOjc6ImNvbnRlbnQiO2E6MTp7aTowO2E6Mzp7czo0OiJ0eXBlIjtzOjQ6ImxpbmsiO3M6NzoiY29udGVudCI7czoxNjoiUmFka2EgUG9sY2Vyb3bDoSI7czo1OiJzdHlsZSI7YTo1OntzOjQ6InNob3ciO3M6MzoidXJsIjtzOjQ6ImxpbmsiO2E6NDp7czo0OiJwYWdlIjtzOjA6IiI7czo0OiJsaW5rIjtzOjI0OiJodHRwOi8vcmFka2Fwb2xjZXJvdmEuY3oiO3M6NzoidXNlX3VybCI7czoxOiIxIjtzOjY6InRhcmdldCI7czoxOiIxIjt9czo1OiJwb3B1cCI7czowOiIiO3M6NToiYWxpZ24iO3M6NjoiY2VudGVyIjtzOjQ6ImZvbnQiO2E6NTp7czo5OiJmb250LXNpemUiO3M6MDoiIjtzOjExOiJmb250LWZhbWlseSI7czowOiIiO3M6Njoid2VpZ2h0IjtzOjA6IiI7czoxMToibGluZS1oZWlnaHQiO3M6MDoiIjtzOjU6ImNvbG9yIjtzOjA6IiI7fX19fX1pOjE7YTozOntzOjQ6InR5cGUiO3M6ODoiY29sLWZvdXIiO3M6NToiY2xhc3MiO3M6MDoiIjtzOjc6ImNvbnRlbnQiO2E6MTp7aTowO2E6Mzp7czo0OiJ0eXBlIjtzOjQ6ImxpbmsiO3M6NzoiY29udGVudCI7czoxMjoiUmFkYSBhIHBvbW9jIjtzOjU6InN0eWxlIjthOjU6e3M6NDoic2hvdyI7czozOiJ1cmwiO3M6NDoibGluayI7YTo0OntzOjQ6InBhZ2UiO3M6MDoiIjtzOjQ6ImxpbmsiO3M6MjA6Imh0dHA6Ly9yYWRhYXBvbW9jLmN6IjtzOjc6InVzZV91cmwiO3M6MToiMSI7czo2OiJ0YXJnZXQiO3M6MToiMSI7fXM6NToicG9wdXAiO3M6MjoiNTgiO3M6NToiYWxpZ24iO3M6NjoiY2VudGVyIjtzOjQ6ImZvbnQiO2E6NTp7czo5OiJmb250LXNpemUiO3M6MDoiIjtzOjExOiJmb250LWZhbWlseSI7czowOiIiO3M6Njoid2VpZ2h0IjtzOjA6IiI7czoxMToibGluZS1oZWlnaHQiO3M6MDoiIjtzOjU6ImNvbG9yIjtzOjA6IiI7fX19fX1pOjI7YTozOntzOjQ6InR5cGUiO3M6ODoiY29sLWZvdXIiO3M6NToiY2xhc3MiO3M6MDoiIjtzOjc6ImNvbnRlbnQiO2E6MTp7aTowO2E6Mzp7czo0OiJ0eXBlIjtzOjQ6ImxpbmsiO3M6NzoiY29udGVudCI7czoxOToiQ3ZpxI3DrW1lIFRhaiAtIMSNaSI7czo1OiJzdHlsZSI7YTo1OntzOjQ6InNob3ciO3M6MzoidXJsIjtzOjQ6ImxpbmsiO2E6NDp7czo0OiJwYWdlIjtzOjA6IiI7czo0OiJsaW5rIjtzOjIxOiJodHRwOi8vdGFpY2lrbGFkbm8uY3oiO3M6NzoidXNlX3VybCI7czoxOiIxIjtzOjY6InRhcmdldCI7czoxOiIxIjt9czo1OiJwb3B1cCI7czoyOiI1OCI7czo1OiJhbGlnbiI7czo2OiJjZW50ZXIiO3M6NDoiZm9udCI7YTo1OntzOjk6ImZvbnQtc2l6ZSI7czowOiIiO3M6MTE6ImZvbnQtZmFtaWx5IjtzOjA6IiI7czo2OiJ3ZWlnaHQiO3M6MDoiIjtzOjExOiJsaW5lLWhlaWdodCI7czowOiIiO3M6NToiY29sb3IiO3M6MDoiIjt9fX19fWk6MzthOjM6e3M6NDoidHlwZSI7czo4OiJjb2wtZm91ciI7czo1OiJjbGFzcyI7czowOiIiO3M6NzoiY29udGVudCI7YToxOntpOjA7YTozOntzOjQ6InR5cGUiO3M6NDoibGluayI7czo3OiJjb250ZW50IjtzOjI1OiJDb2xvcmFkbyAtIHRhbmXEjW7DrSBrbHViIjtzOjU6InN0eWxlIjthOjU6e3M6NDoic2hvdyI7czozOiJ1cmwiO3M6NDoibGluayI7YTo0OntzOjQ6InBhZ2UiO3M6MDoiIjtzOjQ6ImxpbmsiO3M6MjI6Imh0dHA6Ly9zcXVhcmVrbGFkbm8uY3oiO3M6NzoidXNlX3VybCI7czoxOiIxIjtzOjY6InRhcmdldCI7czoxOiIxIjt9czo1OiJwb3B1cCI7czoyOiI1OCI7czo1OiJhbGlnbiI7czo2OiJjZW50ZXIiO3M6NDoiZm9udCI7YTo1OntzOjk6ImZvbnQtc2l6ZSI7czowOiIiO3M6MTE6ImZvbnQtZmFtaWx5IjtzOjA6IiI7czo2OiJ3ZWlnaHQiO3M6MDoiIjtzOjExOiJsaW5lLWhlaWdodCI7czowOiIiO3M6NToiY29sb3IiO3M6MDoiIjt9fX19fX19fQ==","og_url":"https:\/\/jaroslavpolcer.cz\/","og_site_name":"jaroslavpolcer","article_modified_time":"2020-02-07T20:28:11+00:00","twitter_card":"summary_large_image","twitter_misc":{"Odhadovan\u00e1 doba \u010dten\u00ed":"4 minuty"},"schema":{"@context":"https:\/\/schema.org","@graph":[{"@type":"WebPage","@id":"https:\/\/jaroslavpolcer.cz\/","url":"https:\/\/jaroslavpolcer.cz\/","name":"\u00davod - jaroslavpolcer","isPartOf":{"@id":"https:\/\/jaroslavpolcer.cz\/#website"},"datePublished":"2020-01-31T16:51:25+00:00","dateModified":"2020-02-07T20:28:11+00:00","breadcrumb":{"@id":"https:\/\/jaroslavpolcer.cz\/#breadcrumb"},"inLanguage":"cs","potentialAction":[{"@type":"ReadAction","target":["https:\/\/jaroslavpolcer.cz\/"]}]},{"@type":"BreadcrumbList","@id":"https:\/\/jaroslavpolcer.cz\/#breadcrumb","itemListElement":[{"@type":"ListItem","position":1,"name":"Dom\u016f","item":"https:\/\/jaroslavpolcer.cz\/"},{"@type":"ListItem","position":2,"name":"\u00davod"}]},{"@type":"WebSite","@id":"https:\/\/jaroslavpolcer.cz\/#website","url":"https:\/\/jaroslavpolcer.cz\/","name":"jaroslavpolcer","description":"","potentialAction":[{"@type":"SearchAction","target":{"@type":"EntryPoint","urlTemplate":"https:\/\/jaroslavpolcer.cz\/?s={search_term_string}"},"query-input":"required name=search_term_string"}],"inLanguage":"cs"}]}},"_links":{"self":[{"href":"https:\/\/jaroslavpolcer.cz\/index.php?rest_route=\/wp\/v2\/pages\/50"}],"collection":[{"href":"https:\/\/jaroslavpolcer.cz\/index.php?rest_route=\/wp\/v2\/pages"}],"about":[{"href":"https:\/\/jaroslavpolcer.cz\/index.php?rest_route=\/wp\/v2\/types\/page"}],"author":[{"embeddable":true,"href":"https:\/\/jaroslavpolcer.cz\/index.php?rest_route=\/wp\/v2\/users\/1"}],"replies":[{"embeddable":true,"href":"https:\/\/jaroslavpolcer.cz\/index.php?rest_route=%2Fwp%2Fv2%2Fcomments&post=50"}],"version-history":[{"count":6,"href":"https:\/\/jaroslavpolcer.cz\/index.php?rest_route=\/wp\/v2\/pages\/50\/revisions"}],"predecessor-version":[{"id":73,"href":"https:\/\/jaroslavpolcer.cz\/index.php?rest_route=\/wp\/v2\/pages\/50\/revisions\/73"}],"wp:attachment":[{"href":"https:\/\/jaroslavpolcer.cz\/index.php?rest_route=%2Fwp%2Fv2%2Fmedia&parent=50"}],"curies":[{"name":"wp","href":"https:\/\/api.w.org\/{rel}","templated":true}]}}